{"id":988864,"date":"2026-04-06T19:42:31","date_gmt":"2026-04-07T00:42:31","guid":{"rendered":"https:\/\/festivaldelaimagen.com\/rediseno\/?page_id=988864"},"modified":"2026-04-06T19:43:13","modified_gmt":"2026-04-07T00:43:13","slug":"jaime-andres-echeverri","status":"publish","type":"page","link":"https:\/\/www.festivaldelaimagen.com\/?page_id=988864","title":{"rendered":"Jaime Andres Echeverri"},"content":{"rendered":"\t\t<div data-elementor-type=\"wp-page\" data-elementor-id=\"988864\" class=\"elementor elementor-988864\" data-elementor-post-type=\"page\">\n\t\t\t\t<div class=\"elementor-element elementor-element-1889a99 e-flex e-con-boxed e-con e-parent\" data-id=\"1889a99\" data-element_type=\"container\" data-e-type=\"container\">\n\t\t\t\t\t<div class=\"e-con-inner\">\n\t\t<div class=\"elementor-element elementor-element-33251eeb e-con-full e-flex e-con e-child\" data-id=\"33251eeb\" data-element_type=\"container\" data-e-type=\"container\">\n\t\t\t\t<div class=\"vamtam-has-theme-widget-styles elementor-element elementor-element-3cfaa905 elementor-widget elementor-widget-heading\" data-id=\"3cfaa905\" data-element_type=\"widget\" data-e-type=\"widget\" data-widget_type=\"heading.default\">\n\t\t\t\t<div class=\"elementor-widget-container\">\n\t\t\t\t\t<h6 class=\"elementor-heading-title elementor-size-default\">Bio<\/h6>\t\t\t\t<\/div>\n\t\t\t\t<\/div>\n\t\t\t\t<div class=\"elementor-element elementor-element-630ed856 elementor-widget elementor-widget-text-editor\" data-id=\"630ed856\" data-element_type=\"widget\" data-e-type=\"widget\" data-widget_type=\"text-editor.default\">\n\t\t\t\t<div class=\"elementor-widget-container\">\n\t\t\t\t\t\t\t\t\t<p>Jaime Andr\u00e9s Echeverri Guerrero es un profesional en Dise\u00f1o Visual con una formaci\u00f3n acad\u00e9mica que incluye una Especializaci\u00f3n en Artes Mediales por la Universidad de C\u00f3rdoba, Argentina, y una Maestr\u00eda en Dise\u00f1o y Creaci\u00f3n Interactiva por la Universidad de Caldas. Su carrera docente se ha centrado en \u00e1reas como el dise\u00f1o digital, las nuevas tecnolog\u00edas y los medios interactivos, destac\u00e1ndose por su capacidad para integrar la ense\u00f1anza, la investigaci\u00f3n y la proyecci\u00f3n social. Actualmente se desempe\u00f1a como profesor del programa de Artes Visuales de la Universidad del Quind\u00edo y Profesor del Programa de Marketing Digital y Comunicaci\u00f3n Estrat\u00e9gica de la Corporaci\u00f3n Universitaria Alexander Von Humboltd en Armenia \u2013 Quindio.<\/p>\t\t\t\t\t\t\t\t<\/div>\n\t\t\t\t<\/div>\n\t\t\t\t<\/div>\n\t\t<div class=\"elementor-element elementor-element-292f631a e-con-full e-flex e-con e-child\" data-id=\"292f631a\" data-element_type=\"container\" data-e-type=\"container\">\n\t\t\t\t<div class=\"elementor-element elementor-element-3c887553 elementor-widget__width-inherit elementor-widget elementor-widget-image\" data-id=\"3c887553\" data-element_type=\"widget\" data-e-type=\"widget\" data-widget_type=\"image.default\">\n\t\t\t\t<div class=\"elementor-widget-container\">\n\t\t\t\t\t\t\t\t\t\t\t\t\t\t\t<img fetchpriority=\"high\" decoding=\"async\" width=\"447\" height=\"536\" src=\"https:\/\/www.festivaldelaimagen.com\/wp-content\/uploads\/2026\/04\/jaime-andres-echeverri.png\" class=\"attachment-large size-large wp-image-988507\" alt=\"\" srcset=\"https:\/\/www.festivaldelaimagen.com\/wp-content\/uploads\/2026\/04\/jaime-andres-echeverri.png 447w, https:\/\/www.festivaldelaimagen.com\/wp-content\/uploads\/2026\/04\/jaime-andres-echeverri-250x300.png 250w\" sizes=\"(max-width: 447px) 100vw, 447px\" \/>\t\t\t\t\t\t\t\t\t\t\t\t\t\t\t<\/div>\n\t\t\t\t<\/div>\n\t\t\t\t<\/div>\n\t\t\t\t\t<\/div>\n\t\t\t\t<\/div>\n\t\t\t\t<\/div>\n\t\t","protected":false},"excerpt":{"rendered":"<p>Eloquent portraits capturing the essence of diverse beauty.<\/p>\n","protected":false},"author":1,"featured_media":15865,"parent":4604,"menu_order":0,"comment_status":"closed","ping_status":"closed","template":"","meta":{"footnotes":""},"class_list":["post-988864","page","type-page","status-publish","has-post-thumbnail","hentry"],"_links":{"self":[{"href":"https:\/\/www.festivaldelaimagen.com\/index.php?rest_route=\/wp\/v2\/pages\/988864","targetHints":{"allow":["GET"]}}],"collection":[{"href":"https:\/\/www.festivaldelaimagen.com\/index.php?rest_route=\/wp\/v2\/pages"}],"about":[{"href":"https:\/\/www.festivaldelaimagen.com\/index.php?rest_route=\/wp\/v2\/types\/page"}],"author":[{"embeddable":true,"href":"https:\/\/www.festivaldelaimagen.com\/index.php?rest_route=\/wp\/v2\/users\/1"}],"replies":[{"embeddable":true,"href":"https:\/\/www.festivaldelaimagen.com\/index.php?rest_route=%2Fwp%2Fv2%2Fcomments&post=988864"}],"version-history":[{"count":4,"href":"https:\/\/www.festivaldelaimagen.com\/index.php?rest_route=\/wp\/v2\/pages\/988864\/revisions"}],"predecessor-version":[{"id":988868,"href":"https:\/\/www.festivaldelaimagen.com\/index.php?rest_route=\/wp\/v2\/pages\/988864\/revisions\/988868"}],"up":[{"embeddable":true,"href":"https:\/\/www.festivaldelaimagen.com\/index.php?rest_route=\/wp\/v2\/pages\/4604"}],"wp:featuredmedia":[{"embeddable":true,"href":"https:\/\/www.festivaldelaimagen.com\/index.php?rest_route=\/wp\/v2\/media\/15865"}],"wp:attachment":[{"href":"https:\/\/www.festivaldelaimagen.com\/index.php?rest_route=%2Fwp%2Fv2%2Fmedia&parent=988864"}],"curies":[{"name":"wp","href":"https:\/\/api.w.org\/{rel}","templated":true}]}}